{"id":2,"date":"2006-10-21T23:00:42","date_gmt":"2006-10-21T21:00:42","guid":{"rendered":""},"modified":"2014-10-14T00:33:14","modified_gmt":"2014-10-13T22:33:14","slug":"about","status":"publish","type":"page","link":"https:\/\/szkolny.net\/wp\/?page_id=2","title":{"rendered":"O stronie"},"content":{"rendered":"<p>Stron\u0119 &#8222;szkolny.net&#8221; prowadzi Barbara Pilas &#8211; nauczycielka matematyki w <a href=\"http:\/\/sp205lodz.edupage.org\/\" target=\"_blank\" class=\"external external_icon\" rel=\"nofollow\">Szkole Podstawowej Nr 205 im. \u015aw. Jadwigi Kr\u00f3lowej Polski w \u0141odzi<\/a>.<\/p>\n","protected":false},"excerpt":{"rendered":"<p>Stron\u0119 &#8222;szkolny.net&#8221; prowadzi Barbara Pilas &#8211; nauczycielka matematyki w Szkole Podstawowej Nr 205 im. \u015aw. Jadwigi Kr\u00f3lowej Polski w \u0141odzi.<\/p>\n","protected":false},"author":278,"featured_media":0,"parent":0,"menu_order":0,"comment_status":"closed","ping_status":"closed","template":"","meta":{"footnotes":""},"class_list":["post-2","page","type-page","status-publish","hentry"],"_links":{"self":[{"href":"https:\/\/szkolny.net\/wp\/index.php?rest_route=\/wp\/v2\/pages\/2","targetHints":{"allow":["GET"]}}],"collection":[{"href":"https:\/\/szkolny.net\/wp\/index.php?rest_route=\/wp\/v2\/pages"}],"about":[{"href":"https:\/\/szkolny.net\/wp\/index.php?rest_route=\/wp\/v2\/types\/page"}],"author":[{"embeddable":true,"href":"https:\/\/szkolny.net\/wp\/index.php?rest_route=\/wp\/v2\/users\/278"}],"replies":[{"embeddable":true,"href":"https:\/\/szkolny.net\/wp\/index.php?rest_route=%2Fwp%2Fv2%2Fcomments&post=2"}],"version-history":[{"count":16,"href":"https:\/\/szkolny.net\/wp\/index.php?rest_route=\/wp\/v2\/pages\/2\/revisions"}],"predecessor-version":[{"id":2799,"href":"https:\/\/szkolny.net\/wp\/index.php?rest_route=\/wp\/v2\/pages\/2\/revisions\/2799"}],"wp:attachment":[{"href":"https:\/\/szkolny.net\/wp\/index.php?rest_route=%2Fwp%2Fv2%2Fmedia&parent=2"}],"curies":[{"name":"wp","href":"https:\/\/api.w.org\/{rel}","templated":true}]}}